{"id":21414,"date":"2021-01-31T15:24:27","date_gmt":"2021-01-31T13:24:27","guid":{"rendered":"https:\/\/euconlaw.com\/about-the-firm\/"},"modified":"2024-11-11T18:34:30","modified_gmt":"2024-11-11T16:34:30","slug":"about-the-firm","status":"publish","type":"page","link":"https:\/\/euconlaw.com\/de\/about-the-firm\/","title":{"rendered":"\u00dcber uns"},"content":{"rendered":"<p>Die EUCONLAW Group bietet seit 2006 Rechtsdienstleistungen in der Ukraine und in Polen an.<\/p>\n<p>Wir haben uns zu einer juristischen Marke mit hohem Wiedererkennungswert entwickelt, die in den Bereichen von Steuer-, Gesellschafts-, Boden-, Arbeitsrecht und Transferpreisbildung f\u00fchrend ist, indem wir Anerkennung der ma\u00dfgeblichen internationalen und nationalen Ratings gefunden haben.<\/p>\n<p>Da EUCONLAW Group -Experten Kenntnisse aus verschiedenen Bereichen des ukrainischen und polnischen M\u00e4rkte besitzen, die Hand am Puls der neuesten Trends halten und die maximal an die Bed\u00fcrfnisse des Kunden angepassten Strategien erarbeiten, garantieren \u00a0sie die Bereitstellung umfassender qualitativ hochwertiger Dienstleistungen effizient und schnell.<\/p>\n<p>Unser Team bietet Dienstleistungen zu den komplexesten Fragen bez\u00fcglich Besteuerung, Transferpreisbildung, Gesellschafts -, Boden- und Agrarrechts, Unternehmensstrukturierung, Streitbeilegung, Verm\u00f6gensschutzes, Bek\u00e4mpfung von Finanzbetrug und Korruption, Compliance, Projektfinanzierung und Steuerplanung mit immateriellen Verm\u00f6genswerten.<\/p>\n<p><span lang=\"de\">Das EUCON-Team ist eine Vereinigung von Fachleuten: Juristen, Rechtsanw\u00e4lten, Wirtschaftspr\u00fcfern, Steuerberatern,\u00a0<\/span><span lang=\"de\">Transferpreisbildung<\/span><span lang=\"de\">sspezialisten, Buchhaltungs- und Steuerberatern. Die Einhaltung des synergetischen Ansatzes ist unser Wettbewerbsvorteil und erm\u00f6glicht uns umfassende und effektive L\u00f6sungen zur Erreichung der Ziele unserer Kunden<\/span><span lang=\"de\">\u00a0<\/span><span lang=\"de\">zu entwickeln.<\/span><\/p>\n<p>Unsere Kunden sind f\u00fchrende internationale und ukrainische Unternehmen &#8211; Spitzenreiter in Branchen wie \u00d6l und Gas, Energie, Lebensmittelindustrie, Agrobusiness, Landwirtschaft, Telekommunikation, Handel, Transport, Finanzen, Metallurgie, Chemie, Bau, Hotelwirtschaft u.a.<\/p>\n<h2><a href=\"https:\/\/euconlaw.com\/wp-content\/uploads\/2023\/01\/eucon-egl-1.pdf\" target=\"_blank\" rel=\"noopener\"><strong>PRESENTATION OF EUCONLAW Group<\/strong><\/a><\/h2>\n","protected":false},"excerpt":{"rendered":"<p>Die EUCONLAW Group bietet seit 2006 Rechtsdienstleistungen in der Ukraine und in Polen an. Wir haben uns zu einer juristischen Marke mit hohem Wiedererkennungswert entwickelt, die in den Bereichen von Steuer-, Gesellschafts-, Boden-, Arbeitsrecht und Transferpreisbildung f\u00fchrend ist, indem wir Anerkennung der ma\u00dfgeblichen internationalen und nationalen Ratings gefunden haben. Da EUCONLAW Group -Experten Kenntnisse aus [:]<\/p>\n","protected":false},"author":1,"featured_media":0,"parent":0,"menu_order":0,"comment_status":"closed","ping_status":"closed","template":"","meta":[],"yoast_head":"<!-- This site is optimized with the Yoast SEO plugin v16.6 - https:\/\/yoast.com\/wordpress\/plugins\/seo\/ -->\n<title>\u00dcber uns - Die EUCON Law Group<\/title>\n<meta name=\"robots\" content=\"index, follow, max-snippet:-1, max-image-preview:large, max-video-preview:-1\" \/>\n<link rel=\"canonical\" href=\"\/\" \/>\n<meta property=\"og:locale\" content=\"de_DE\" \/>\n<meta property=\"og:type\" content=\"article\" \/>\n<meta property=\"og:title\" content=\"\u00dcber uns - Die EUCON Law Group\" \/>\n<meta property=\"og:description\" content=\"Die EUCONLAW Group bietet seit 2006 Rechtsdienstleistungen in der Ukraine und in Polen an. Wir haben uns zu einer juristischen Marke mit hohem Wiedererkennungswert entwickelt, die in den Bereichen von Steuer-, Gesellschafts-, Boden-, Arbeitsrecht und Transferpreisbildung f\u00fchrend ist, indem wir Anerkennung der ma\u00dfgeblichen internationalen und nationalen Ratings gefunden haben. Da EUCONLAW Group -Experten Kenntnisse aus [:]\" \/>\n<meta property=\"og:site_name\" content=\"Die EUCON Law Group\" \/>\n<meta property=\"article:modified_time\" content=\"2024-11-11T16:34:30+00:00\" \/>\n<meta name=\"twitter:card\" content=\"summary_large_image\" \/>\n<meta name=\"twitter:label1\" content=\"Gesch\u00e4tzte Lesezeit\" \/>\n\t<meta name=\"twitter:data1\" content=\"1\u00a0Minute\" \/>\n<script type=\"application\/ld+json\" class=\"yoast-schema-graph\">{\"@context\":\"https:\/\/schema.org\",\"@graph\":[{\"@type\":\"WebSite\",\"@id\":\"https:\/\/euconlaw.com\/#website\",\"url\":\"https:\/\/euconlaw.com\/\",\"name\":\"Die EUCON Law Group\",\"description\":\"\",\"potentialAction\":[{\"@type\":\"SearchAction\",\"target\":{\"@type\":\"EntryPoint\",\"urlTemplate\":\"https:\/\/euconlaw.com\/?s={search_term_string}\"},\"query-input\":\"required name=search_term_string\"}],\"inLanguage\":\"de\"},{\"@type\":\"WebPage\",\"@id\":\"#webpage\",\"url\":null,\"name\":\"\\u00dcber uns - Die EUCON Law Group\",\"isPartOf\":{\"@id\":\"https:\/\/euconlaw.com\/#website\"},\"datePublished\":\"2021-01-31T13:24:27+00:00\",\"dateModified\":\"2024-11-11T16:34:30+00:00\",\"breadcrumb\":{\"@id\":\"#breadcrumb\"},\"inLanguage\":\"de\",\"potentialAction\":[{\"@type\":\"ReadAction\",\"target\":[null]}]},{\"@type\":\"BreadcrumbList\",\"@id\":\"#breadcrumb\",\"itemListElement\":[{\"@type\":\"ListItem\",\"position\":1,\"name\":\"Home\",\"item\":\"https:\/\/euconlaw.com\/de\/\"},{\"@type\":\"ListItem\",\"position\":2,\"name\":\"\\u00dcber uns\"}]}]}<\/script>\n<!-- \/ Yoast SEO plugin. -->","_links":{"self":[{"href":"https:\/\/euconlaw.com\/de\/wp-json\/wp\/v2\/pages\/21414"}],"collection":[{"href":"https:\/\/euconlaw.com\/de\/wp-json\/wp\/v2\/pages"}],"about":[{"href":"https:\/\/euconlaw.com\/de\/wp-json\/wp\/v2\/types\/page"}],"author":[{"embeddable":true,"href":"https:\/\/euconlaw.com\/de\/wp-json\/wp\/v2\/users\/1"}],"replies":[{"embeddable":true,"href":"https:\/\/euconlaw.com\/de\/wp-json\/wp\/v2\/comments?post=21414"}],"version-history":[{"count":10,"href":"https:\/\/euconlaw.com\/de\/wp-json\/wp\/v2\/pages\/21414\/revisions"}],"predecessor-version":[{"id":48223,"href":"https:\/\/euconlaw.com\/de\/wp-json\/wp\/v2\/pages\/21414\/revisions\/48223"}],"wp:attachment":[{"href":"https:\/\/euconlaw.com\/de\/wp-json\/wp\/v2\/media?parent=21414"}],"curies":[{"name":"wp","href":"https:\/\/api.w.org\/{rel}","templated":true}]}}