{"id":21415,"date":"2021-01-31T15:24:27","date_gmt":"2021-01-31T13:24:27","guid":{"rendered":"https:\/\/euconlaw.com\/about-the-firm\/"},"modified":"2025-08-05T16:41:58","modified_gmt":"2025-08-05T13:41:58","slug":"about-the-firm","status":"publish","type":"page","link":"https:\/\/euconlaw.com\/pl\/about-the-firm\/","title":{"rendered":"O firmie"},"content":{"rendered":"<p><strong>NASZA MISJA:\u00a0<\/strong>PRZEKSZTA\u0141CAMY ZAUFANIE KLIENT\u00d3W W SKUTECZNE ROZWI\u0104ZANIA.<\/p>\n<p><strong>EUCONLAW GROUP<\/strong> to nowoczesny hub rozwi\u0105za\u0144 prawnych oraz strategiczny nawigator dla biznesu, kt\u00f3ry wchodzi na rynki zagraniczne.<\/p>\n<p>Nasze biura w Polsce i na Ukrainie dzia\u0142aj\u0105 od 2006 roku.<\/p>\n<p><a href=\"https:\/\/euconlaw.com\/pl\/team\/\" target=\"_blank\" rel=\"noopener\"><strong>Zesp\u00f3\u0142 EUCONLAW Group<\/strong><\/a>\u00a0to profesjonalni prawnicy, adwokaci, doradcy podatkowi, audytorzy, specjali\u015bci i konsultanci ds. cen transferowych, eksperci z zakresu ksi\u0119gowo\u015bci i rachunkowo\u015bci podatkowej, naukowcy itd.<\/p>\n<p>Przestrzeganie systemowego i synergicznego podej\u015bcia, lojalno\u015b\u0107 wobec wybranych warto\u015bci i kierunk\u00f3w jest nasz\u0105 przewag\u0105 konkurencyjn\u0105, kt\u00f3ra pozwala nam na tworzenie kompleksowych i skutecznych rozwi\u0105za\u0144 dla osi\u0105gni\u0119cia cel\u00f3w naszych klient\u00f3w.<\/p>\n<p>Stali\u015bmy si\u0119 rozpoznawaln\u0105 mark\u0105 prawnicz\u0105, jednym z lider\u00f3w w zakresie <strong><a href=\"https:\/\/euconlaw.com\/pl\/services\/corporate\/\" target=\"_blank\" rel=\"noopener\">prawa korporacyjnego<\/a><\/strong>, <strong><a href=\"https:\/\/euconlaw.com\/pl\/services\/tax-law\/\" target=\"_blank\" rel=\"noopener\">prawa podatkowego<\/a><\/strong>, <strong><a href=\"https:\/\/euconlaw.com\/pl\/services\/transfer-pricing\/\" target=\"_blank\" rel=\"noopener\">cen transferowych<\/a><\/strong>, <strong><a href=\"https:\/\/euconlaw.com\/pl\/services\/agrarne-ta-zemelne-pravo\/\" target=\"_blank\" rel=\"noopener\">prawa gruntowego<\/a><\/strong>, zyskuj\u0105c uznanie w renomowanych<strong><a href=\"https:\/\/euconlaw.com\/pl\/about-the-firm\/recognitioneuropean-tax-awards-wedlug-prestizowego-rankingu-european-tax-awards-firma-eucon-znalazla-sie-na-short-list-najlepszych-firm-ukrainskich-specjalizujacych-sie-w-dziedzinie\/\" target=\"_blank\" rel=\"noopener\"> mi\u0119dzynarodowych i krajowych rankingach<\/a><\/strong>.<\/p>\n<p><strong>JEDYNYMI KRYTERIAMI MIERZENIA NASZEGO SUKCESU S\u0104:<\/strong><\/p>\n<ul>\n<li>doskona\u0142e wyniki<\/li>\n<li>zadowoleni klienci<\/li>\n<li>dobrobyt ka\u017cdego cz\u0142onka zespo\u0142u<\/li>\n<\/ul>\n<h2><a href=\"https:\/\/euconlaw.com\/wp-content\/uploads\/2023\/01\/eucon-pol-1.pdf\" target=\"_blank\" rel=\"noopener\"><strong>PREZENTACJA EUCONLAW Group<\/strong><\/a><\/h2>\n","protected":false},"excerpt":{"rendered":"<p>NASZA MISJA:\u00a0PRZEKSZTA\u0141CAMY ZAUFANIE KLIENT\u00d3W W SKUTECZNE ROZWI\u0104ZANIA. EUCONLAW GROUP to nowoczesny hub rozwi\u0105za\u0144 prawnych oraz strategiczny nawigator dla biznesu, kt\u00f3ry wchodzi na rynki zagraniczne. Nasze biura w Polsce i na Ukrainie dzia\u0142aj\u0105 od 2006 roku. Zesp\u00f3\u0142 EUCONLAW Group\u00a0to profesjonalni prawnicy, adwokaci, doradcy podatkowi, audytorzy, specjali\u015bci i konsultanci ds. cen transferowych, eksperci z zakresu ksi\u0119gowo\u015bci i [:]<\/p>\n","protected":false},"author":1,"featured_media":0,"parent":0,"menu_order":0,"comment_status":"closed","ping_status":"closed","template":"","meta":[],"yoast_head":"<!-- This site is optimized with the Yoast SEO plugin v16.6 - https:\/\/yoast.com\/wordpress\/plugins\/seo\/ -->\n<title>O firmie - EUCON Grupa Prawnicza<\/title>\n<meta name=\"robots\" content=\"index, follow, max-snippet:-1, max-image-preview:large, max-video-preview:-1\" \/>\n<link rel=\"canonical\" href=\"\/\" \/>\n<meta property=\"og:locale\" content=\"pl_PL\" \/>\n<meta property=\"og:type\" content=\"article\" \/>\n<meta property=\"og:title\" content=\"O firmie - EUCON Grupa Prawnicza\" \/>\n<meta property=\"og:description\" content=\"NASZA MISJA:\u00a0PRZEKSZTA\u0141CAMY ZAUFANIE KLIENT\u00d3W W SKUTECZNE ROZWI\u0104ZANIA. EUCONLAW GROUP to nowoczesny hub rozwi\u0105za\u0144 prawnych oraz strategiczny nawigator dla biznesu, kt\u00f3ry wchodzi na rynki zagraniczne. Nasze biura w Polsce i na Ukrainie dzia\u0142aj\u0105 od 2006 roku. Zesp\u00f3\u0142 EUCONLAW Group\u00a0to profesjonalni prawnicy, adwokaci, doradcy podatkowi, audytorzy, specjali\u015bci i konsultanci ds. cen transferowych, eksperci z zakresu ksi\u0119gowo\u015bci i [:]\" \/>\n<meta property=\"og:site_name\" content=\"EUCON Grupa Prawnicza\" \/>\n<meta property=\"article:modified_time\" content=\"2025-08-05T13:41:58+00:00\" \/>\n<meta name=\"twitter:card\" content=\"summary_large_image\" \/>\n<meta name=\"twitter:label1\" content=\"Szacowany czas czytania\" \/>\n\t<meta name=\"twitter:data1\" content=\"1 minuta\" \/>\n<script type=\"application\/ld+json\" class=\"yoast-schema-graph\">{\"@context\":\"https:\/\/schema.org\",\"@graph\":[{\"@type\":\"WebSite\",\"@id\":\"https:\/\/euconlaw.com\/#website\",\"url\":\"https:\/\/euconlaw.com\/\",\"name\":\"EUCON Grupa Prawnicza\",\"description\":\"\",\"potentialAction\":[{\"@type\":\"SearchAction\",\"target\":{\"@type\":\"EntryPoint\",\"urlTemplate\":\"https:\/\/euconlaw.com\/?s={search_term_string}\"},\"query-input\":\"required name=search_term_string\"}],\"inLanguage\":\"pl-PL\"},{\"@type\":\"WebPage\",\"@id\":\"#webpage\",\"url\":null,\"name\":\"O firmie - EUCON Grupa Prawnicza\",\"isPartOf\":{\"@id\":\"https:\/\/euconlaw.com\/#website\"},\"datePublished\":\"2021-01-31T13:24:27+00:00\",\"dateModified\":\"2025-08-05T13:41:58+00:00\",\"breadcrumb\":{\"@id\":\"#breadcrumb\"},\"inLanguage\":\"pl-PL\",\"potentialAction\":[{\"@type\":\"ReadAction\",\"target\":[null]}]},{\"@type\":\"BreadcrumbList\",\"@id\":\"#breadcrumb\",\"itemListElement\":[{\"@type\":\"ListItem\",\"position\":1,\"name\":\"Home\",\"item\":\"https:\/\/euconlaw.com\/pl\/\"},{\"@type\":\"ListItem\",\"position\":2,\"name\":\"O firmie\"}]}]}<\/script>\n<!-- \/ Yoast SEO plugin. -->","_links":{"self":[{"href":"https:\/\/euconlaw.com\/pl\/wp-json\/wp\/v2\/pages\/21415"}],"collection":[{"href":"https:\/\/euconlaw.com\/pl\/wp-json\/wp\/v2\/pages"}],"about":[{"href":"https:\/\/euconlaw.com\/pl\/wp-json\/wp\/v2\/types\/page"}],"author":[{"embeddable":true,"href":"https:\/\/euconlaw.com\/pl\/wp-json\/wp\/v2\/users\/1"}],"replies":[{"embeddable":true,"href":"https:\/\/euconlaw.com\/pl\/wp-json\/wp\/v2\/comments?post=21415"}],"version-history":[{"count":11,"href":"https:\/\/euconlaw.com\/pl\/wp-json\/wp\/v2\/pages\/21415\/revisions"}],"predecessor-version":[{"id":51723,"href":"https:\/\/euconlaw.com\/pl\/wp-json\/wp\/v2\/pages\/21415\/revisions\/51723"}],"wp:attachment":[{"href":"https:\/\/euconlaw.com\/pl\/wp-json\/wp\/v2\/media?parent=21415"}],"curies":[{"name":"wp","href":"https:\/\/api.w.org\/{rel}","templated":true}]}}