{"id":23326,"date":"2021-04-18T08:56:02","date_gmt":"2021-04-18T05:56:02","guid":{"rendered":"https:\/\/euconlaw.com\/international-network\/"},"modified":"2023-01-27T13:46:13","modified_gmt":"2023-01-27T11:46:13","slug":"international-network","status":"publish","type":"page","link":"https:\/\/euconlaw.com\/pl\/international-network\/","title":{"rendered":"Wsp\u00f3\u0142praca mi\u0119dzynarodowa"},"content":{"rendered":"<p>W roku 2013\u00a0<strong>Grupa Prawnicza\u00a0EUCON<\/strong>\u00a0do\u0142\u0105cza si\u0119 do\u00a0<a href=\"http:\/\/www.tpa-global.com\/\">TPA Global<\/a>, sieci niezale\u017cnych\u00a0 dostawc\u00f3w us\u0142ug z 60 kraj\u00f3w. Transfer Pricing Associates jest niezale\u017cnym wyspecjalizowanym centrum \u015bwiadczenia us\u0142ug i przygotowania opinii eksperckich w sprawach kszta\u0142towania cen transferowych, wyceny i us\u0142ug celnych. Nasze cz\u0142onkostwo w asocjacji umo\u017cliwia wykorzystania najlepszej praktyki mi\u0119dzynarodowej w zakresie polityki kszta\u0142towania cen transferowych w pracy z klientami.<\/p>\n<p>EUCON jest organizatorem for\u00f3w mi\u0119dzynarodowych i konkurs\u00f3w mi\u0119dzynarodowych projekt\u00f3w inwestycyjnych, a przedstawiciele naszej ekipy EUCON s\u0105 zapraszani jako prelegenci na r\u00f3\u017cne konferencje, fora i okr\u0105g\u0142e sto\u0142y. Wi\u0119cej szczeg\u00f3\u0142\u00f3w w dzia\u0142ach <a href=\"https:\/\/eucon.ua\/pl\/category\/events\/\" target=\"_blank\" rel=\"noopener\">Wydarzenia<\/a>\u00a0i\u00a0<a href=\"https:\/\/eucon.ua\/pl\/category\/news\/\" target=\"_blank\" rel=\"noopener\">Aktualno\u015bci<\/a><\/p>\n<p><strong>Fora mi\u0119dzynarodowe<\/strong>, organizatorem kt\u00f3rych jest Grupa Prawnicza EUCON:<\/p>\n<p><a href=\"https:\/\/euconlaw.com\/pl\/synergia-w-imie-zwyciestwa-odbudowy-oraz-przyszlosci-w-warszawie-odbylo-sie-xvi-miedzynarodowe-forum-polsko-ukrainskie-dni-biznesu\/\" target=\"_blank\" rel=\"noopener\"><u>XVI Mi\u0119dzynarodowe Forum &#8222;Polsko-Ukrai\u0144skie Dni Biznesowe&#8221;, 27 pa\u017adziernika 2022 r., Warszawa<\/u><\/a><\/p>\n<p><a href=\"https:\/\/euconlaw.com\/pl\/biznes-w-warunkach-wojny-bezprecedensowe-wsparcie-polski-przygotowanie-planu-marshalla-dla-odbudowy-ukrainy-28-kwietnia-w-warszawie-odbylo-sie-jubileuszowe-xv-forum-miedzynarodowe\/\" target=\"_blank\" rel=\"noopener\"><u>XV Mi\u0119dzynarodowe Forum &#8222;Polsko-Ukrai\u0144skie Dni Biznesowe&#8221;, 28 kwietnia 2022 r., Warszawa<\/u><\/a><\/p>\n<p><a href=\"https:\/\/euconlaw.com\/pl\/inwestycje-infrastruktura-przemysl-poszukiwanie-synergii-i-nowych-mozliwosci-odbylo-sie-xiv-miedzynarodowe-forum-polsko-ukrainskie-dni-biznesowe\/\" target=\"_blank\" rel=\"noopener\"><u>XIV Mi\u0119dzynarodowe Forum &#8222;Polsko-Ukrai\u0144skie Dni Biznesowe&#8221;, 27 pa\u017adziernika 2021 r., Kij\u00f3w<\/u><\/a><\/p>\n<p><a href=\"https:\/\/old.eucon.ua\/pl\/perspekty-vni-napryamky-deshevi-finansovi-resursy-investy-tsijny-j-potentsial-20-travnya-u-varshavi-vidbuvsya-hiii-mizhnarodny-j-forum-pol-s-ko-ukrayins-ki-dni-biznesu\/\" target=\"_blank\" rel=\"noopener\">XIII Mi\u0119dzynarodowe Forum \u201cPolsko-Ukrai\u0144skie dni biznesowe\u201d, 20 maja 2021 roku Warszawa<\/a><\/p>\n<p><a href=\"https:\/\/old.eucon.ua\/pl\/fall-in-law-with-tp-vpershe-v-onlajni-vidbuvsya-vi-mizhnarodny-j-forum-transfertne-tsinoutvorennya-ta-mizhnarodne-opodatkuvannya-2020\/\" target=\"_blank\" rel=\"noopener\">VI Mi\u0119dzynarodowe\u00a0 Forum \u201cKszta\u0142towanie cen transferowych i mi\u0119dzynarodowe opodatkowanie \u2013 2020\u2033, online<\/a><\/p>\n<p><a href=\"https:\/\/old.eucon.ua\/pl\/xii-mizhnarodny-j-forum-pol-s-ko-ukrayins-ki-dni-biznesu\/\" target=\"_blank\" rel=\"noopener\">XII Mi\u0119dzynarodowe Forum \u201cPolsko-ukrai\u0144skie dni biznesowe\u201d, 24 wrzesie\u0144 2020 roku, onlin<\/a><\/p>\n<p><a href=\"https:\/\/eucon.ua\/pl\/investy-tsiyamy-yedy-ny-my-shlyahy-pokrashhennya-pol-s-ko-ukrayins-ky-h-vidnosy-n-vkotre-staly-ob-yektom-obgovorennya-hi-mizhnarodnogo-forumu-dni-pol-s-kogo-biznesu-v-ukrayini\/\" target=\"_blank\" rel=\"noopener\">XI Mi\u0119dzynarodowe Forum \u201eDni Polskiego biznesu na Ukrainie\u201d, 14 listopada 2019 roku w Kij\u00f3w <\/a><\/p>\n<p><a href=\"https:\/\/eucon.ua\/u-varshavi-vidbuvsya-yuvilejny-j-h-mizhnarodny-j-forum-dni-ukrayins-kogo-biznesu-v-pol-shhi-pidib-yemo-pidsumky\/\" target=\"_blank\" rel=\"noopener\">X\u00a0Mi\u0119dzynarodowe Forum\u00a0\u00abDni Ukrai\u0144skiego Biznesu w Polsce\u00bb,\u00a016 maja 2018 roku,Warszawa<\/a><\/p>\n<p><a href=\"https:\/\/eucon.ua\/pl\/30-maya-2019-v-kieve-uzhe-v-pyaty-j-raz-projdet-mezhdunarodny-j-forum-transfertnoe-tsenoobrazovanie-i-mezhdunarodnoe-nalogovoe-planirovanie-2019\/\" target=\"_blank\" rel=\"noopener\">V Forum\u00a0\u00abKszta\u0142towanie cen transferowych i planowanie podatkowe 2019\u00bb<\/a>\u00a0\u2013 2019<\/p>\n<p><a href=\"https:\/\/eucon.ua\/pl\/1-ukrayins-ka-iv-mizhnarodnij-forum-transfertne-tsinoutvorennya-ta-mizhnarodne-podatkove-planuvannya-2018\/\" target=\"_blank\" rel=\"noopener\">IV\u00a0Forum Mi\u0119dzynarodowe\u00a0 \u201cKszta\u0142towanie cen transferowych i mi\u0119dzynarodowe planowanie podatkowe \u2013 2018\u2033<\/a>\u00a0\u2013 rok 2018<\/p>\n<p><a href=\"https:\/\/eucon.ua\/pl\/1-ukrayins-ka-pislya-plidnoyi-roboti-ih-mizhnarodnogo-forumu-dni-pol-s-kogo-biznesu-v-ukrayini-chas-pidbiti-pidsumki\/\" target=\"_blank\" rel=\"noopener\">IX Mi\u0119dzynarodowe Forum \u00abDni Polskiego Biznesu w Ukrainie\u00bb, 15 listopada 2018 roku, Kij\u00f3w<\/a><\/p>\n<p><a href=\"https:\/\/eucon.ua\/pl\/viii-mizhnarodnij-forum-dni-ukrayins-kogo-biznesu-v-pol-shhi\/\" target=\"_blank\" rel=\"noopener\">VIII Mi\u0119dzynarodowe Forum \u00abDni Ukrai\u0144skiego Biznesu w Polsce\u00bb<\/a>\u00a0\u2013 rok 2017<\/p>\n<p><a href=\"https:\/\/eucon.ua\/pl\/1-ukrayins-ka-pidsumki-iii-mizhnarodnogo-forumu-transfertne-tsinoutvorennya-2017\/\" target=\"_blank\" rel=\"noopener\">\u0406\u0406\u0406\u00a0Medycja\u00a0Forum Mi\u0119dzynarodowego\u00a0\u201cKszta\u0142towanie cen transferowych- 2017\u2033<\/a>\u00a0\u2013 rok 2017<\/p>\n<p><a href=\"https:\/\/eucon.ua\/pl\/1-ukrayins-ka-vii-mizhnarodnij-forum-dni-pol-s-kogo-biznesu-v-ukrayini-pidbivayemo-pidsumki\/\" target=\"_blank\" rel=\"noopener\">VII Forum Mi\u0119dzynarodowe \u201cDni Biznesu Polskiego Biznesu w Ukrainie\u201d<\/a>\u2013 rok 2017<\/p>\n<p><a href=\"https:\/\/eucon.ua\/pl\/1-ukrayins-ka-u-varshavi-vidbuvsya-vi-mizhnarodnij-forum-den-ukrayins-kogo-biznesu\/\" target=\"_blank\" rel=\"noopener\">VI Forum Mi\u0119dzynarodowe \u201cDzie\u0144 biznesu Ukrai\u0144skiego\u201d<\/a>\u00a0\u2013 rok 2017<\/p>\n<p><a href=\"https:\/\/eucon.ua\/pl\/1-ukrayins-ka-rezul-tati-v-mizhnarodnogo-forumu-pol-s-kij-biznes-den\/\" target=\"_blank\" rel=\"noopener\">V Forum Mi\u0119dzynarodowe \u201cDZIE\u0143 POLSKIEGO BIZNESU\u201c<\/a>\u00a0\u2013 rok 2016<\/p>\n<p><a href=\"https:\/\/eucon.ua\/pl\/1-ukrayins-ka-iv-mizhnarodnij-forum-den-ukrayins-kogo-biznesu-v-pol-shhi\/\" target=\"_blank\" rel=\"noopener\">IV Forum Mi\u0119dzynarodowe \u201eDZIE\u0143 BIZNESU UKRAI\u0143SKIEGO\u201d<\/a>\u2013 rok 2016<\/p>\n<p><a href=\"https:\/\/eucon.ua\/pl\/sostoyalsya-ii-mezhdunarodny-j-forum-transfertnoe-tsenoobrazovanie\/\" target=\"_blank\" rel=\"noopener\">II Forum Mi\u0119dzynarodowe \u201eKszta\u0142towanie cen transferowych\u201d<\/a>\u00a0\u2013 rok 2016<\/p>\n<p><a href=\"https:\/\/eucon.ua\/pl\/1-ukrayins-ka-iii-mizhnarodnij-forum-pol-s-kij-biznes-den-2\/\" target=\"_blank\" rel=\"noopener\">III Forum Mi\u0119dzynarodowe \u201ePOLSKI BIZNES DZIE\u0143\u201d<\/a>\u2013 rok 2015<\/p>\n<p><a href=\"https:\/\/eucon.ua\/pl\/ii-mizhnarodny-j-forum-den-ukrayins-kogo-biznesu-v-pol-shhi\/\" target=\"_blank\" rel=\"noopener\">II Forum Mi\u0119dzynarodowe \u201eDZIE\u0143 BIZNESU UKRAI\u0143SKIEGO\u201d<\/a>\u2013 rok 2015<\/p>\n<p><a href=\"https:\/\/eucon.ua\/pl\/transfer-2015\/\" target=\"_blank\" rel=\"noopener\">I Forum Mi\u0119dzynarodowe \u201eKSZTA\u0141TOWANIE CEN TRANSFEROWYCH\u201d<\/a>\u00a0\u2013 rok 2015<\/p>\n<p><a href=\"https:\/\/eucon.ua\/pl\/i-mizhnarodny-j-forum-pol-s-ky-j-biznes-den-chy-stane-pol-shha-viknom-v-yevropu-dlya-ukrayins-kogo-biznesu\/\" target=\"_blank\" rel=\"noopener\">I Forum Mi\u0119dzynarodowe \u201ePOLSKI BIZNES DZIE\u0143\u201d<\/a>\u2013 rok 2014<\/p>\n<div class=\"share42init\" data-url=\"https:\/\/eucon.ua\/pl\/international-network\/\" data-title=\"Wsp\u00f3\u0142praca mi\u0119dzynarodowa\"><\/div>\n","protected":false},"excerpt":{"rendered":"<p>W roku 2013\u00a0Grupa Prawnicza\u00a0EUCON\u00a0do\u0142\u0105cza si\u0119 do\u00a0TPA Global, sieci niezale\u017cnych\u00a0 dostawc\u00f3w us\u0142ug z 60 kraj\u00f3w. Transfer Pricing Associates jest niezale\u017cnym wyspecjalizowanym centrum \u015bwiadczenia us\u0142ug i przygotowania opinii eksperckich w sprawach kszta\u0142towania cen transferowych, wyceny i us\u0142ug celnych. Nasze cz\u0142onkostwo w asocjacji umo\u017cliwia wykorzystania najlepszej praktyki mi\u0119dzynarodowej w zakresie polityki kszta\u0142towania cen transferowych w pracy z klientami. [:]<\/p>\n","protected":false},"author":1,"featured_media":0,"parent":0,"menu_order":0,"comment_status":"closed","ping_status":"closed","template":"","meta":[],"yoast_head":"<!-- This site is optimized with the Yoast SEO plugin v16.6 - https:\/\/yoast.com\/wordpress\/plugins\/seo\/ -->\n<title>Wsp\u00f3\u0142praca mi\u0119dzynarodowa - EUCON Grupa Prawnicza<\/title>\n<meta name=\"robots\" content=\"index, follow, max-snippet:-1, max-image-preview:large, max-video-preview:-1\" \/>\n<link rel=\"canonical\" href=\"\/\" \/>\n<meta property=\"og:locale\" content=\"pl_PL\" \/>\n<meta property=\"og:type\" content=\"article\" \/>\n<meta property=\"og:title\" content=\"Wsp\u00f3\u0142praca mi\u0119dzynarodowa - EUCON Grupa Prawnicza\" \/>\n<meta property=\"og:description\" content=\"W roku 2013\u00a0Grupa Prawnicza\u00a0EUCON\u00a0do\u0142\u0105cza si\u0119 do\u00a0TPA Global, sieci niezale\u017cnych\u00a0 dostawc\u00f3w us\u0142ug z 60 kraj\u00f3w. Transfer Pricing Associates jest niezale\u017cnym wyspecjalizowanym centrum \u015bwiadczenia us\u0142ug i przygotowania opinii eksperckich w sprawach kszta\u0142towania cen transferowych, wyceny i us\u0142ug celnych. Nasze cz\u0142onkostwo w asocjacji umo\u017cliwia wykorzystania najlepszej praktyki mi\u0119dzynarodowej w zakresie polityki kszta\u0142towania cen transferowych w pracy z klientami. [:]\" \/>\n<meta property=\"og:site_name\" content=\"EUCON Grupa Prawnicza\" \/>\n<meta property=\"article:modified_time\" content=\"2023-01-27T11:46:13+00:00\" \/>\n<meta name=\"twitter:card\" content=\"summary_large_image\" \/>\n<meta name=\"twitter:label1\" content=\"Szacowany czas czytania\" \/>\n\t<meta name=\"twitter:data1\" content=\"2 minuty\" \/>\n<script type=\"application\/ld+json\" class=\"yoast-schema-graph\">{\"@context\":\"https:\/\/schema.org\",\"@graph\":[{\"@type\":\"WebSite\",\"@id\":\"https:\/\/euconlaw.com\/#website\",\"url\":\"https:\/\/euconlaw.com\/\",\"name\":\"EUCON Grupa Prawnicza\",\"description\":\"\",\"potentialAction\":[{\"@type\":\"SearchAction\",\"target\":{\"@type\":\"EntryPoint\",\"urlTemplate\":\"https:\/\/euconlaw.com\/?s={search_term_string}\"},\"query-input\":\"required name=search_term_string\"}],\"inLanguage\":\"pl-PL\"},{\"@type\":\"WebPage\",\"@id\":\"#webpage\",\"url\":null,\"name\":\"Wsp\\u00f3\\u0142praca mi\\u0119dzynarodowa - EUCON Grupa Prawnicza\",\"isPartOf\":{\"@id\":\"https:\/\/euconlaw.com\/#website\"},\"datePublished\":\"2021-04-18T05:56:02+00:00\",\"dateModified\":\"2023-01-27T11:46:13+00:00\",\"breadcrumb\":{\"@id\":\"#breadcrumb\"},\"inLanguage\":\"pl-PL\",\"potentialAction\":[{\"@type\":\"ReadAction\",\"target\":[null]}]},{\"@type\":\"BreadcrumbList\",\"@id\":\"#breadcrumb\",\"itemListElement\":[{\"@type\":\"ListItem\",\"position\":1,\"name\":\"Home\",\"item\":\"https:\/\/euconlaw.com\/pl\/\"},{\"@type\":\"ListItem\",\"position\":2,\"name\":\"Wsp\\u00f3\\u0142praca mi\\u0119dzynarodowa\"}]}]}<\/script>\n<!-- \/ Yoast SEO plugin. -->","_links":{"self":[{"href":"https:\/\/euconlaw.com\/pl\/wp-json\/wp\/v2\/pages\/23326"}],"collection":[{"href":"https:\/\/euconlaw.com\/pl\/wp-json\/wp\/v2\/pages"}],"about":[{"href":"https:\/\/euconlaw.com\/pl\/wp-json\/wp\/v2\/types\/page"}],"author":[{"embeddable":true,"href":"https:\/\/euconlaw.com\/pl\/wp-json\/wp\/v2\/users\/1"}],"replies":[{"embeddable":true,"href":"https:\/\/euconlaw.com\/pl\/wp-json\/wp\/v2\/comments?post=23326"}],"version-history":[{"count":5,"href":"https:\/\/euconlaw.com\/pl\/wp-json\/wp\/v2\/pages\/23326\/revisions"}],"predecessor-version":[{"id":40879,"href":"https:\/\/euconlaw.com\/pl\/wp-json\/wp\/v2\/pages\/23326\/revisions\/40879"}],"wp:attachment":[{"href":"https:\/\/euconlaw.com\/pl\/wp-json\/wp\/v2\/media?parent=23326"}],"curies":[{"name":"wp","href":"https:\/\/api.w.org\/{rel}","templated":true}]}}