{"id":28906,"date":"2020-11-03T18:16:23","date_gmt":"2020-11-03T16:16:23","guid":{"rendered":"https:\/\/euconlaw.com\/privacy-policy\/"},"modified":"2021-07-05T19:22:58","modified_gmt":"2021-07-05T16:22:58","slug":"privacy-policy","status":"publish","type":"page","link":"https:\/\/euconlaw.com\/pl\/privacy-policy\/","title":{"rendered":"POLITYKA PRYWATNO\u015aCI I PLIK\u00d3W COOKIES"},"content":{"rendered":"<p>Niniejszy dokument reguluje Polityk\u0119 prywatno\u015bci i plik\u00f3w \u201ecookies\u201d serwisu internetowego EUCON Grupa Prawnicza, prowadzonego za po\u015brednictwem strony internetowej, udost\u0119pnionej pod adresem URL: https:\/\/euconlaw.com\/, zwanego dalej \u201eSerwis\u201d.<\/p>\n<p>Serwis jest zarz\u0105dzany przez EUCON Grupa Prawnicza Sp. z o.o. z siedzib\u0105 w Warszawie przy ul. Jana Dantyszka, nr 18 02-054 Warszawa, wpisan\u0105 do rejestru przedsi\u0119biorc\u00f3w Krajowego Rejestru S\u0105dowego prowadzonego przez S\u0105d Rejonowy dla m.st. Warszawy w Warszawie, XII Wydzia\u0142 Gospodarczy Krajowego Rejestru S\u0105dowego pod numerem KRS: 0000541956, NIP: 5252608519, REGON: 360749791, zwan\u0105 dalej \u201eOperator Serwisu\u201d. Z Operatorem Serwisu mo\u017cna si\u0119 skontaktowa\u0107 pod numerem telefonu: +48 22 658 10 25 oraz przy u\u017cyciu adresu e-mail: <a href=\"mailto: office.pl@euconlaw.com\">office.pl@euconlaw.com<\/a><\/p>\n<p><strong>1. Definicje:<\/strong><\/p>\n<ul>\n<li><strong>RODO<\/strong> &#8211; rozporz\u0105dzenie Parlamentu Europejskiego i Rady (UE) 2016\/679 z dnia 27 kwietnia 2016 r. w sprawie ochrony os\u00f3b fizycznych w zwi\u0105zku z przetwarzaniem danych osobowych i w sprawie swobodnego przep\u0142ywu takich danych oraz uchylenia dyrektywy 95\/46\/WE;<\/li>\n<li><strong>Administrator<\/strong> &#8211; administratorem danych osobowych w rozumieniu rozporz\u0105dzenia Parlamentu Europejskiego i Rady (UE) 2016\/679 z 27 kwietnia 2016 r. w sprawie ochrony os\u00f3b fizycznych w zwi\u0105zku z przetwarzaniem danych osobowych i w sprawie swobodnego przep\u0142ywu takich danych, dalej zwane \u201eRODO\u201d jest Operator Serwisu.<\/li>\n<li><strong>Serwis<\/strong> \u2013 serwis internetowy prowadzony przez Operatora Serwisu pod adresem https:\/\/euconlaw.com\/.<\/li>\n<li><strong>Dane osobowe<\/strong> &#8211; zgodnie z RODO, dane osobowe to informacje o zidentyfikowanej lub mo\u017cliwej do zidentyfikowania osobie fizycznej. W przypadku korzystania z naszego Serwisu takimi danymi s\u0105 np. imi\u0119, nazwisko, adres e-mail, numer telefonu, adres IP oraz inne.<br \/>\nKlient \u2013 oznacza podmiot, odwiedzaj\u0105cy Serwis, na rzecz kt\u00f3rego zgodnie z niniejszym polityk\u0105 i powszechnie obowi\u0105zuj\u0105cymi przepisami prawa mog\u0105 by\u0107 \u015bwiadczone us\u0142ugi.<\/li>\n<li><strong>Pliki Cookies<\/strong> &#8211; oznacza dane informatyczne, w szczeg\u00f3lno\u015bci niewielkie pliki tekstowe, zapisywane i przechowywane na urz\u0105dzeniach za po\u015brednictwem kt\u00f3rych Klient korzysta ze strony internetowej Serwisu.<\/li>\n<\/ul>\n<p><strong>2. Wprowadzenie<\/strong><br \/>\nPrywatno\u015b\u0107 odwiedzaj\u0105cych nasz Serwis jest dla nas bardzo wa\u017cna i dok\u0142adamy wszelkich stara\u0144, aby j\u0105 chroni\u0107. Niniejsza Polityka Prywatno\u015bci wyja\u015bnia, co robimy z Pa\u0144stwa danymi osobowymi.<br \/>\n<br \/>\nZgoda na korzystanie z plik\u00f3w cookies zgodnie z warunkami niniejszej Polityki Prywatno\u015bci podczas pierwszej wizyty Serwisu pozwala Operatorowi Serwisu na korzystanie z plik\u00f3w cookies przy ka\u017cdej kolejnej wizycie. Zgoda na przetwarzanie plik\u00f3w cookies jest dobrowolna. Nale\u017cy jednak pami\u0119ta\u0107, \u017ce ograniczenia w ich stosowaniu mog\u0105 utrudni\u0107 lub uniemo\u017cliwi\u0107 korzystanie z cz\u0119\u015bci funkcjonalno\u015bci Serwisu.<\/p>\n<p><strong>3. Podstawa przetwarzania danych osobowych<\/strong><br \/>\nDane osobowe os\u00f3b korzystaj\u0105cych z serwisu przetwarzane b\u0119d\u0105 przez Administratora wy\u0142\u0105cznie w celach zwi\u0105zanych z dzia\u0142alno\u015bci\u0105 serwisu, m.in.: <\/p>\n<ul>\n<li>niezb\u0119dne do nawi\u0105zania, ukszta\u0142towania tre\u015bci, zmiany lub rozwi\u0105zania stosunku prawnego pomi\u0119dzy Klientem a Operatorem Serwisu, w zakresie danych: &#8211; nazwisko i imiona Klienta, &#8211; numer ewidencyjny PESEL lub \u2013 gdy ten numer nie zosta\u0142 nadany \u2013 numer paszportu, dowodu osobistego lub innego dokumentu potwierdzaj\u0105cego to\u017csamo\u015b\u0107, &#8211; adres do korespondencji, &#8211; adresy e-mail,<\/li>\n<li>realizowane w celu realizacji um\u00f3w lub dokonania innej czynno\u015bci prawnej z Klientem, je\u017celi jest to niezb\u0119dne ze wzgl\u0119du na w\u0142a\u015bciwo\u015b\u0107 \u015bwiadczonej us\u0142ugi lub spos\u00f3b jej rozliczenia.<\/li>\n<\/ul>\n<p>Nie przetwarzamy tych danych osobowych po zako\u0144czeniu korzystania przez Klienta z us\u0142ugi, jednak\u017ce z zastrze\u017ceniem mo\u017cliwo\u015bci dalszego wykorzystywania tych spo\u015br\u00f3d wymienionych danych, kt\u00f3re s\u0105:<\/p>\n<ul>\n<li>niezb\u0119dne do rozliczenia us\u0142ugi oraz dochodzenia roszcze\u0144 z tytu\u0142u p\u0142atno\u015bci za korzystanie z us\u0142ugi,<\/li>\n<li>niezb\u0119dne do cel\u00f3w reklamy, badania rynku oraz zachowa\u0144 i preferencji Klient\u00f3w z przeznaczeniem wynik\u00f3w tych bada\u0144 na potrzeby polepszenia jako\u015bci us\u0142ug \u015bwiadczonych przez Operatora Serwisu, za zgod\u0105 Klienta,<\/li>\n<li>niezb\u0119dne do wyja\u015bnienia okoliczno\u015bci niedozwolonego korzystania z us\u0142ugi,<\/li>\n<li>dopuszczone do przetwarzania na podstawie odr\u0119bnych ustaw lub umowy.<\/li>\n<\/ul>\n<p>Wymienione zakresy danych nie s\u0105 wi\u0105\u017c\u0105ce dla ustalenia zakresu danych przetwarzanych przez Operatora Serwisu. Zakres danych przetwarzanych przez Operatora Serwisu zosta\u0142 opublikowany w pkt 4 Polityki prywatno\u015bci i plik\u00f3w cookies.<br \/>\nNiezale\u017cnie, mo\u017cemy tak\u017ce przetwarza\u0107 dane osobowe, je\u017celi jest to niezb\u0119dne dla wype\u0142nienia prawnie usprawiedliwionych cel\u00f3w realizowanych przez nas albo odbiorc\u00f3w danych, a przetwarzanie nie narusza praw i wolno\u015bci osoby, kt\u00f3rej dane dotycz\u0105.<br \/>\nW pozosta\u0142ych przypadkach, prosimy o dobrowolne wyra\u017cenie zgody na przetwarzanie danych osobowych. Udzielenie tej zgody nast\u0119puje w szczeg\u00f3lno\u015bci poprzez zaznaczenie pola kontrolnego (\u201echeckbox\u201d), przy o\u015bwiadczeniu o wyra\u017ceniu zgody na przetwarzanie danych osobowych.<br \/>\nAdministrator nie podejmuje decyzji w spos\u00f3b zautomatyzowany, w szczeg\u00f3lno\u015bci nie poddaje profilowaniu danych osobowych osoby, kt\u00f3rej dane dotycz\u0105.<\/p>\n<p><strong>5. Zbiory, ich zakresy i cele przetwarzania danych osobowych<\/strong><\/p>\n<p>Poni\u017cszy wykaz obejmuje zbiory, zakresy a tak\u017ce cele przetwarzania danych.<\/p>\n<table>\n<tbody>\n<tr>\n<td>Nazwa zbioru<\/td>\n<td>Zakres przetwarzanych danych<\/td>\n<td>Cel przetwarzania<\/td>\n<\/tr>\n<tr>\n<td>Zbi\u00f3r danych osobowych Klient\u00f3w odwiedzaj\u0105cych Serwis.<\/td>\n<td>\n<ul>\n<li aria-level=\"1\">nr IP<\/li>\n<\/ul>\n<\/td>\n<td>Umo\u017cliwienie korzystania z funkcjonalno\u015bci Serwisu.<\/td>\n<\/tr>\n<tr>\n<td>Zbi\u00f3r danych os\u00f3b koresponduj\u0105cych z Operatorem Serwisu.<\/td>\n<td>\n<ul>\n<li aria-level=\"1\">imi\u0119 i nazwisko<\/li>\n<li aria-level=\"1\">adres e-mail<\/li>\n<li aria-level=\"1\">numer telefonu<\/li>\n<li aria-level=\"1\">numer IP<\/li>\n<\/ul>\n<\/td>\n<td>Udzielanie informacji handlowych, organizacyjnych lub technicznych Klientom przez Operatora Serwisu.<\/td>\n<\/tr>\n<tr>\n<td>Zbi\u00f3r danych osobowych Klient\u00f3w, kt\u00f3rzy wyrazili zgod\u0119 na otrzymywanie newslettera.<\/td>\n<td>\n<ul>\n<li aria-level=\"1\">adres e-mail<\/li>\n<\/ul>\n<\/td>\n<td>Przesy\u0142anie newslettera.<\/td>\n<\/tr>\n<tr>\n<td>Zbi\u00f3r danych osobowych Klient\u00f3w, korzystaj\u0105cych z formularzy kontaktowych.<\/td>\n<td>\n<ul>\n<li aria-level=\"1\">imi\u0119 i nazwisko<\/li>\n<li aria-level=\"1\">adres e-mail<\/li>\n<li aria-level=\"1\">numer telefonu<\/li>\n<\/ul>\n<\/td>\n<td>Umo\u017cliwienie kontaktu z Klientami oraz udzielenie odpowiedzi na otrzymane przez Operatora Serwisu pytanie.<\/td>\n<\/tr>\n<\/tbody>\n<\/table>\n<p><strong>5. Powierzenie i udost\u0119pnianie danych osobowych<\/strong><\/p>\n<p>Mo\u017cemy powierzy\u0107 dane osobowe Klient\u00f3w innym podmiotom. Mog\u0105 by\u0107 to np. hostingodawca, obs\u0142uga ksi\u0119gowa lub prawna, operator p\u0142atno\u015bci albo inny podmiot, z kt\u00f3rym wsp\u00f3\u0142pracujemy w celu nale\u017cytego \u015bwiadczenia us\u0142ug. Powierzenie danych osobowych nast\u0119puje zawsze na podstawie pisemnej umowy powierzenia danych. Aktualny wykaz podmiot\u00f3w kt\u00f3rym powierzamy przetwarzanie danych, jest stale dost\u0119pny dla wszystkich Klient\u00f3w. W celu uzyskania dost\u0119pu do niego, wystarczy zwr\u00f3ci\u0107 si\u0119 do nas z takim \u017c\u0105daniem.<\/p>\n<p>Mo\u017cemy przekazywa\u0107 przetwarzane dane poza Europejski Obszar Gospodarczy. Prawo przetwarzania danych osobowych kt\u00f3re obowi\u0105zuj\u0105 w tych krajach, mog\u0105 zapewnia\u0107 mniejsz\u0105 ochron\u0119 ni\u017c przepisy prawa obowi\u0105zuj\u0105cego w Rzeczypospolitej Polskiej. Ze wzgl\u0119du na brak decyzji Komisji Europejskiej stwierdzaj\u0105cej odpowiedni stopie\u0144 ochrony danych osobowych w pa\u0144stwie trzecim do kt\u00f3rego b\u0119d\u0105 przekazywane dane osobowe, w celu zapewnienia odpowiedniego poziomu ochrony danych osobowych przekazywanych do pa\u0144stwa trzeciego, Administrator stosuje standardowe klauzule umowne dotycz\u0105ce ochrony danych przyj\u0119te przez Komisj\u0119 Europejsk\u0105, o kt\u00f3rych mowa w art. 46 ust. 2 lit. c) RODO. Klauzule s\u0105 dost\u0119pne na stronie Komisji Europejskiej (ec.europa.eu). Zastosowany przez Administratora spos\u00f3b zabezpieczenia Pa\u0144stwa danych jest zgodny z zasadami przewidzianymi w rozdziale V RODO.<\/p>\n<p>Nie udost\u0119pniamy zebranych danych podmiotom trzecim, z wy\u0142\u0105czeniem sytuacji, w kt\u00f3rych jest to wymagane przepisami powszechnie obowi\u0105zuj\u0105cego prawa, tj. na podstawie \u017c\u0105dania uprawnionego do tej czynno\u015bci organu lub s\u0105du.<\/p>\n<p><strong>6. Prawa Klienta<\/strong><\/p>\n<p>W zwi\u0105zku z przetwarzaniem danych osobowych, Klientom przys\u0142uguj\u0105 zwi\u0105zane z tym prawa:<\/p>\n<ul>\n<li aria-level=\"1\">do dost\u0119pu do swoich danych osobowych oraz otrzymania ich kopii,<\/li>\n<li aria-level=\"1\">do sprostowania swoich danych osobowych,<\/li>\n<li aria-level=\"1\">do usuni\u0119cia danych osobowych,<\/li>\n<li aria-level=\"1\">do ograniczenia przetwarzania danych osobowych.<\/li>\n<li aria-level=\"1\">do cofni\u0119cia zgody na przetwarzanie danych osobowych,<\/li>\n<li aria-level=\"1\">do wniesienia skargi do organu nadzorczego \u2013 Prezesa Urz\u0119du Ochrony Danych Osobowych,<\/li>\n<li aria-level=\"1\">do wniesienia sprzeciwu wobec przetwarzania danych osobowych.<\/li>\n<\/ul>\n<p>W przypadku woli skorzystania z wymienionych uprawnie\u0144, prosimy o kontakt.<\/p>\n<p><strong>7. Okres przetwarzania Danych osobowych<\/strong><\/p>\n<p>Dane osobowe b\u0119d\u0105 przetwarzane przez okres w kt\u00f3rym posiadaj\u0105 przydatno\u015b\u0107 do celu, w jakim zosta\u0142y zebrane, nie kr\u00f3cej jednak ni\u017c przez okres przedawnienia wzajemnych roszcze\u0144 lub okres, przez kt\u00f3ry Administrator zobowi\u0105zany jest przetwarza\u0107 dane na podstawie obowi\u0105zuj\u0105cych przepis\u00f3w prawa, w zale\u017cno\u015bci, kt\u00f3ry z tych okres\u00f3w b\u0119dzie trwa\u0142 najd\u0142u\u017cej, a w przypadku danych przetwarzanych na podstawie zgody nie d\u0142u\u017cej ni\u017c do czasu jej odwo\u0142ania.<\/p>\n<p><strong>8. Pliki cookies &#8211; wprowadzenie<\/strong><\/p>\n<p>Serwis korzysta z plik\u00f3w cookies. Plik cookie to plik zawieraj\u0105cy identyfikator (ci\u0105g liter i cyfr), kt\u00f3ry jest wysy\u0142any przez serwer internetowy do przegl\u0105darki internetowej i przechowywany przez przegl\u0105dark\u0119. Dane identyfikacyjne s\u0105 ponownie przesy\u0142ane na serwer za ka\u017cdym razem, gdy przegl\u0105darka wy\u015ble \u017c\u0105danie otwarcia strony znajduj\u0105cej si\u0119 na serwerze.<\/p>\n<p><strong>9. Podstawa przetwarzania plik\u00f3w cookies<\/strong><\/p>\n<p>Klient\u00f3w korzystaj\u0105cych z Serwisu, prosimy o dobrowolne wyra\u017cenie zgody na przetwarzanie plik\u00f3w cookies poprzez przechowywanie informacji lub uzyskiwanie dost\u0119pu do informacji ju\u017c przechowywanych w ich telekomunikacyjnych urz\u0105dzeniach ko\u0144cowych.<\/p>\n<p>Pliki cookies przetwarzane na podstawie art. 173 ustawy z dnia 16 lipca 2004 r. Prawo telekomunikacyjne (Dz. U. z 2016 r., Nr 0, poz. 1489 z p\u00f3\u017an. zm.).<\/p>\n<p><strong>10. Rodzaje wykorzystywanych plik\u00f3w cookies<\/strong><\/p>\n<p>Pliki cookies skategoryzowane z uwzgl\u0119dnieniem trzech metod podzia\u0142u.<\/p>\n<p>Pod wzgl\u0119dem cel\u00f3w stosowania plik\u00f3w cookies, trzy kategorie:<\/p>\n<ul>\n<li aria-level=\"1\">\u201eniezb\u0119dne\u201d pliki cookies &#8211; niezb\u0119dne do funkcjonowania strony internetowej, umo\u017cliwiaj\u0105ce korzystanie z us\u0142ug dost\u0119pnych w ramach Serwisu;<\/li>\n<li aria-level=\"1\">\u201eanalityczne\u201d \/\u201ewydajno\u015bciowe\u201d pliki cookies &#8211; umo\u017cliwiaj\u0105ce zbieranie informacji o sposobie korzystania ze stron internetowych, aby pom\u00f3c nam zrozumie\u0107, w jaki spos\u00f3b wykorzystywane s\u0105 nasze witryny internetowe lub pom\u00f3c nam w dostosowaniu naszych stron internetowych;<\/li>\n<li aria-level=\"1\">\u201efunkcjonalne\u201d pliki cookies &#8211; umo\u017cliwiaj\u0105ce \u201ezapami\u0119tanie\u201d wybranych przez U\u017cytkownika ustawie\u0144 i personalizacj\u0119 interfejsu U\u017cytkownika, np. w zakresie wybranego j\u0119zyka lub regionu, z kt\u00f3rego pochodzi U\u017cytkownik, rozmiaru czcionki, wygl\u0105du strony internetowej itp.<\/li>\n<\/ul>\n<p>Pod wzgl\u0119dem czasu ich wa\u017cno\u015bci, dwie kategorie:<\/p>\n<ul>\n<li aria-level=\"1\">pliki sesyjne \u2013 istniej\u0105ce do ko\u0144ca danej sesji Klienta,<\/li>\n<li aria-level=\"1\">pliki trwa\u0142e \u2013 istniej\u0105ce po uko\u0144czeniu sesji przez Klienta.<\/li>\n<\/ul>\n<p>Pod wzgl\u0119dem rozr\u00f3\u017cnienia podmiotu administruj\u0105cego plikami cookies:<\/p>\n<ul>\n<li aria-level=\"1\">pliki cookies Operatora Serwisu,<\/li>\n<li aria-level=\"1\">pliki cookies podmiot\u00f3w trzecich.<\/li>\n<\/ul>\n<p>Pliki cookies Operatora Serwisu pozwalaj\u0105 na rozpoznanie urz\u0105dzenia Klienta i wy\u015bwietlenie strony internetowej Serwisu dostosowanej do jego indywidualnych oczekiwa\u0144, przez co korzystanie z jego funkcjonalno\u015bci staje si\u0119 \u0142atwiejsze i przyjemniejsze.<\/p>\n<p>Operator Serwisu mo\u017ce wykorzystywa\u0107 pliki cookies stosowane przez Google Inc. 1600 Amphitheatre Pkwy, Mountain View, CA 94043, Stany Zjednoczone w ramach us\u0142ug: <\/p>\n<ul>\n<li aria-level=\"1\">Google Adwords &#8211; pozwalaj\u0105 one na prowadzenie i ocen\u0119 jako\u015bci kampanii reklamowych, realizowanych przy u\u017cyciu us\u0142ugi Google Adwords,<\/li>\n<li aria-level=\"1\">Google Analytics \u2013 pozwalaj\u0105 one na ocen\u0119 jako\u015bci kampanii reklamowych, realizowanych przy u\u017cyciu us\u0142ugi Google Adwords, a tak\u017ce na badanie zachowa\u0144 i ruchu Klient\u00f3w oraz sporz\u0105dzanie statystyk ruchu,<\/li>\n<li aria-level=\"1\">Google Maps \u2013 pozwalaj\u0105 one na przechowywanie informacji o Kliencie, kt\u00f3re umo\u017cliwiaj\u0105 korzystanie z funkcjonalno\u015bci map dost\u0119pnych w ramach us\u0142ugi Google Maps. Google Inc. mo\u017ce \u015bledzi\u0107 lokalizacj\u0119 Klienta,<\/li>\n<li aria-level=\"1\">YouTube \u2013 pozwalaj\u0105 one na przechowywanie informacji o Kliencie, kt\u00f3re umo\u017cliwiaj\u0105 korzystanie z funkcjonalno\u015bci us\u0142ugi YouTube. Google Inc. mo\u017ce \u015bledzi\u0107 odtwarzanie film\u00f3w przez Klienta.<\/li>\n<\/ul>\n<p>Korzystanie z plik\u00f3w cookies podmiot\u00f3w trzecich jest uwarunkowane polityk\u0105 prywatno\u015bci i plik\u00f3w cookies, stosowan\u0105 przez te podmioty. Zach\u0119camy do zapoznania si\u0119 z zasadami przetwarzania danych osobowych oraz politykami ochrony prywatno\u015bci podmiot\u00f3w, kt\u00f3re  najcz\u0119\u015bciej oraz w najszerszym zakresie przetwarzaj\u0105  dane:<\/p>\n<ul>\n<li aria-level=\"1\"><a href=\"https:\/\/policies.google.com\/privacy?hl=pl&#038;gl=pl\" target=\"_blank\" rel=\"noopener\">Polityka prywatno\u015bci Google<\/a><\/li>\n<li aria-level=\"1\"><a href=\"https:\/\/www.facebook.com\/policies\/cookies\/\" target=\"_blank\" rel=\"noopener\">Polityka cookies Facebook<\/a><\/li>\n<li aria-level=\"1\"><a href=\"https:\/\/twitter.com\/privacy\" target=\"_blank\" rel=\"noopener\">Polityka cookies Twitter<\/a><\/li>\n<li aria-level=\"1\"><a href=\"https:\/\/www.linkedin.com\/legal\/privacy-policy?\" target=\"_blank\" rel=\"noopener\">Polityka cookies LinkedIn<\/a><\/li>\n<li aria-level=\"1\"><a href=\"https:\/\/telegram.com.pl\/polityka-prywatnosci\/\" target=\"_blank\" rel=\"noopener\">Polityka cookies Telegram<\/a><\/li>\n<\/ul>\n<p><strong>11. Zarz\u0105dzanie plikami cookies i innymi informacjami<\/strong><\/p>\n<p>Najcz\u0119\u015bciej ustawienia przegl\u0105darki domy\u015blnie dopuszczaj\u0105 umieszczanie plik\u00f3w cookies i innych informacji na urz\u0105dzeniu ko\u0144cowym. Je\u017celi Klient nie zgadza si\u0119 na zapisywanie tych plik\u00f3w, konieczna jest odpowiednia zmiana ustawie\u0144 przegl\u0105darki internetowej. Mo\u017cliwe jest wy\u0142\u0105czenie ich zapisywania dla wszystkich po\u0142\u0105cze\u0144 z danej przegl\u0105darki lub dla konkretnej witryny, a tak\u017ce ich usuwanie. Spos\u00f3b zarz\u0105dzania plikami zale\u017cy od u\u017cywanego oprogramowania. Aktualne zasady zarz\u0105dzania plikami mo\u017cna znale\u017a\u0107 w ustawieniach stosowanej przegl\u0105darki internetowej.<\/p>\n<p>W celu zarz\u0105dzania ustawieniami cookies wybierz z listy poni\u017cej przegl\u0105dark\u0119 internetow\u0105 \/ system i post\u0119puj zgodnie z instrukcjami:<\/p>\n<ul>\n<li>1.\t<a href=\"https:\/\/support.microsoft.com\/pl-pl\/help\/17442\/windows-internet-explorer-delete-manage-cookies\" target=\"_blank\" rel=\"noopener\">Internet Explorer<\/a><\/li>\n<li>2.\t<a href=\"https:\/\/privacy.microsoft.com\/pl-pl\/windows-10-microsoft-edge-and-privacy\" target=\"_blank\" rel=\"noopener\">Edge<\/a><\/li>\n<li>3.\t<a href=\"http:\/\/support.google.com\/chrome\/bin\/answer.py?hl=pl&#038;answer=95647\" target=\"_blank\" rel=\"noopener\">Chrome<\/a><\/li>\n<li>4.\t<a href=\"http:\/\/support.apple.com\/kb\/PH5042\" target=\"_blank\" rel=\"noopener\">Safari<\/a><\/li>\n<li>5.\t<a href=\"http:\/\/support.mozilla.org\/pl\/kb\/W%C5%82%C4%85czanie i wy%C5%82%C4%85czanie obs%C5%82ugi ciasteczek\" target=\"_blank\" rel=\"noopener\">Firefox<\/a><\/li>\n<li>6.\t<a href=\"http:\/\/help.opera.com\/Windows\/12.10\/pl\/cookies.html\" target=\"_blank\" rel=\"noopener\">Opera<\/a><\/li>\n<li>7.\t<a href=\"http:\/\/support.google.com\/chrome\/bin\/answer.py?hl=pl&#038;answer=95647\" target=\"_blank\" rel=\"noopener\">Android\/a><\/li>\n<li>8.\t<a href=\"http:\/\/support.apple.com\/kb\/HT1677?viewlocale=pl_PL\" target=\"_blank\" rel=\"noopener\">Safari (iOS)<\/a><\/li>\n<\/ul>\n<p>W zakresie informacji o preferencjach u\u017cytkownika gromadzonych przez sie\u0107 reklamow\u0105 Google u\u017cytkownik mo\u017ce przegl\u0105da\u0107 i edytowa\u0107 informacje wynikaj\u0105ce z plik\u00f3w cookies przy pomocy narz\u0119dzia <a href=\"https:\/\/www.google.com\/ads\/preferences\/\" target=\"_blank\" rel=\"noopener\">Google Ads Preferences<\/a>. Informacje o zarz\u0105dzaniu plikami cookies na telefonie kom\u00f3rkowym mo\u017cna znale\u017a\u0107 w Podr\u0119czniku danego telefonu. <\/p>\n<p><strong>12. Odno\u015bniki do innych stron internetowych lub oprogramowania<\/strong><\/p>\n<p>Serwis mo\u017ce zawiera\u0107 odno\u015bniki do innych stron internetowych lub oprogramowania. Nie ponosimy odpowiedzialno\u015bci za obowi\u0105zuj\u0105ce na tych stronach lub w tym oprogramowaniu zasady przestrzegania polityki prywatno\u015bci i przetwarzania plik\u00f3w cookies. Zalecamy zapoznanie si\u0119 z polityk\u0105 prywatno\u015bci i plik\u00f3w cookies tych stron lub oprogramowania po wej\u015bciu na nie lub przed ich instalacj\u0105.<\/p>\n<p><strong>13. Zmiany Polityki prywatno\u015bci i plik\u00f3w cookies<\/strong><\/p>\n<p>Administrator zastrzega sobie prawo do zmiany niniejszej Polityki prywatno\u015bci i plik\u00f3w cookies. W takim przypadku, zostanie opublikowana zaktualizowana wersja w niniejszej lokalizacji. <\/p>\n<p><strong>14. Kontakt i zg\u0142oszenia<\/strong><\/p>\n<p>Nieustannie czynimy wszystko, by przetwarza\u0107 dane osobowe Klient\u00f3w i pliki cookies z dochowaniem najwy\u017cszych standard\u00f3w. Dlatego posiadamy wdro\u017cony system niezw\u0142ocznej reakcji na sytuacje zagro\u017ce\u0144 tych standard\u00f3w. W przypadku zidentyfikowania ich zagro\u017cenia lub naruszenia, prosimy o niezw\u0142oczny kontakt z nami, przy u\u017cyciu poni\u017cszych danych:<\/p>\n<div style=\"text-align: center\"><a href=\"mailto:office.pl@euconlaw.com\">office.pl@euconlaw.com<\/a><\/p>\n<p>+48570005161<\/p>\n<p>EUCON Grupa Prawnicza Sp. z o.o.<\/p>\n<p>Jana Dantyszka 18<\/p>\n<p>02-054 Warszawa<\/p><\/div>\n<p>Z ch\u0119ci\u0105 zapoznamy si\u0119 ze wszelkimi informacjami zwrotnymi. Dlatego w przypadku jakichkolwiek pyta\u0144, \u017c\u0105da\u0144 lub w\u0105tpliwo\u015bci zwi\u0105zanych z przetwarzaniem danych osobowych lub plik\u00f3w cookies, zach\u0119camy do kontaktu.<\/p>\n<p><strong>15. Postanowienia ko\u0144cowe<\/strong><\/p>\n<p>W sprawach nie uregulowanych w Polityce Prywatno\u015bci maj\u0105 zastosowanie przepisy prawa dotycz\u0105ce przetwarzania danych osobowych, w tym RODO.<\/p>\n<p><!-- \/wp:heading --><\/p>\n","protected":false},"excerpt":{"rendered":"<p>Niniejszy dokument reguluje Polityk\u0119 prywatno\u015bci i plik\u00f3w \u201ecookies\u201d serwisu internetowego EUCON Grupa Prawnicza, prowadzonego za po\u015brednictwem strony internetowej, udost\u0119pnionej pod adresem URL: https:\/\/euconlaw.com\/, zwanego dalej \u201eSerwis\u201d. Serwis jest zarz\u0105dzany przez EUCON Grupa Prawnicza Sp. z o.o. z siedzib\u0105 w Warszawie przy ul. Jana Dantyszka, nr 18 02-054 Warszawa, wpisan\u0105 do rejestru przedsi\u0119biorc\u00f3w Krajowego Rejestru S\u0105dowego [:]<\/p>\n","protected":false},"author":1,"featured_media":0,"parent":0,"menu_order":0,"comment_status":"closed","ping_status":"closed","template":"","meta":[],"yoast_head":"<!-- This site is optimized with the Yoast SEO plugin v16.6 - https:\/\/yoast.com\/wordpress\/plugins\/seo\/ -->\n<title>POLITYKA PRYWATNO\u015aCI I PLIK\u00d3W COOKIES - EUCON Grupa Prawnicza<\/title>\n<meta name=\"robots\" content=\"index, follow, max-snippet:-1, max-image-preview:large, max-video-preview:-1\" \/>\n<link rel=\"canonical\" href=\"\/\" \/>\n<meta property=\"og:locale\" content=\"pl_PL\" \/>\n<meta property=\"og:type\" content=\"article\" \/>\n<meta property=\"og:title\" content=\"POLITYKA PRYWATNO\u015aCI I PLIK\u00d3W COOKIES - EUCON Grupa Prawnicza\" \/>\n<meta property=\"og:description\" content=\"Niniejszy dokument reguluje Polityk\u0119 prywatno\u015bci i plik\u00f3w \u201ecookies\u201d serwisu internetowego EUCON Grupa Prawnicza, prowadzonego za po\u015brednictwem strony internetowej, udost\u0119pnionej pod adresem URL: https:\/\/euconlaw.com\/, zwanego dalej \u201eSerwis\u201d. Serwis jest zarz\u0105dzany przez EUCON Grupa Prawnicza Sp. z o.o. z siedzib\u0105 w Warszawie przy ul. Jana Dantyszka, nr 18 02-054 Warszawa, wpisan\u0105 do rejestru przedsi\u0119biorc\u00f3w Krajowego Rejestru S\u0105dowego [:]\" \/>\n<meta property=\"og:site_name\" content=\"EUCON Grupa Prawnicza\" \/>\n<meta property=\"article:modified_time\" content=\"2021-07-05T16:22:58+00:00\" \/>\n<meta name=\"twitter:card\" content=\"summary_large_image\" \/>\n<meta name=\"twitter:label1\" content=\"Szacowany czas czytania\" \/>\n\t<meta name=\"twitter:data1\" content=\"11 minut\" \/>\n<script type=\"application\/ld+json\" class=\"yoast-schema-graph\">{\"@context\":\"https:\/\/schema.org\",\"@graph\":[{\"@type\":\"WebSite\",\"@id\":\"https:\/\/euconlaw.com\/#website\",\"url\":\"https:\/\/euconlaw.com\/\",\"name\":\"EUCON Grupa Prawnicza\",\"description\":\"\",\"potentialAction\":[{\"@type\":\"SearchAction\",\"target\":{\"@type\":\"EntryPoint\",\"urlTemplate\":\"https:\/\/euconlaw.com\/?s={search_term_string}\"},\"query-input\":\"required name=search_term_string\"}],\"inLanguage\":\"pl-PL\"},{\"@type\":\"WebPage\",\"@id\":\"#webpage\",\"url\":null,\"name\":\"POLITYKA PRYWATNO\\u015aCI I PLIK\\u00d3W COOKIES - EUCON Grupa Prawnicza\",\"isPartOf\":{\"@id\":\"https:\/\/euconlaw.com\/#website\"},\"datePublished\":\"2020-11-03T16:16:23+00:00\",\"dateModified\":\"2021-07-05T16:22:58+00:00\",\"breadcrumb\":{\"@id\":\"#breadcrumb\"},\"inLanguage\":\"pl-PL\",\"potentialAction\":[{\"@type\":\"ReadAction\",\"target\":[null]}]},{\"@type\":\"BreadcrumbList\",\"@id\":\"#breadcrumb\",\"itemListElement\":[{\"@type\":\"ListItem\",\"position\":1,\"name\":\"Home\",\"item\":\"https:\/\/euconlaw.com\/pl\/\"},{\"@type\":\"ListItem\",\"position\":2,\"name\":\"POLITYKA PRYWATNO\\u015aCI I PLIK\\u00d3W COOKIES\"}]}]}<\/script>\n<!-- \/ Yoast SEO plugin. -->","_links":{"self":[{"href":"https:\/\/euconlaw.com\/pl\/wp-json\/wp\/v2\/pages\/28906"}],"collection":[{"href":"https:\/\/euconlaw.com\/pl\/wp-json\/wp\/v2\/pages"}],"about":[{"href":"https:\/\/euconlaw.com\/pl\/wp-json\/wp\/v2\/types\/page"}],"author":[{"embeddable":true,"href":"https:\/\/euconlaw.com\/pl\/wp-json\/wp\/v2\/users\/1"}],"replies":[{"embeddable":true,"href":"https:\/\/euconlaw.com\/pl\/wp-json\/wp\/v2\/comments?post=28906"}],"version-history":[{"count":3,"href":"https:\/\/euconlaw.com\/pl\/wp-json\/wp\/v2\/pages\/28906\/revisions"}],"predecessor-version":[{"id":29955,"href":"https:\/\/euconlaw.com\/pl\/wp-json\/wp\/v2\/pages\/28906\/revisions\/29955"}],"wp:attachment":[{"href":"https:\/\/euconlaw.com\/pl\/wp-json\/wp\/v2\/media?parent=28906"}],"curies":[{"name":"wp","href":"https:\/\/api.w.org\/{rel}","templated":true}]}}