{"id":21417,"date":"2021-01-31T15:24:27","date_gmt":"2021-01-31T13:24:27","guid":{"rendered":"https:\/\/euconlaw.com\/about-the-firm\/"},"modified":"2024-11-11T18:36:31","modified_gmt":"2024-11-11T16:36:31","slug":"about-the-firm","status":"publish","type":"page","link":"https:\/\/euconlaw.com\/tr\/about-the-firm\/","title":{"rendered":"Firma Hakk\u0131nda"},"content":{"rendered":"<p>EUCONLAW Group Hukuk Grubu, 2006 y\u0131l\u0131ndan bu yana, Ukrayna\u2019da ve Polonya\u2019da hukuki hizmetler sunuyor.<\/p>\n<p>\u0130tibarl\u0131 uluslararas\u0131 ve ulusal s\u0131ralamalar\u0131n\u0131n kabul\u00fcn\u00fc g\u00f6ren, vergi, kurumsal, toprak, \u00e7al\u0131\u015fma hukuku ve transfer fiyatland\u0131rma sekt\u00f6rlerinin liderlerinden birisi ve tan\u0131nan bir hukuk markas\u0131 konumuna geldik.<\/p>\n<p>M\u00fc\u015fteri ihtiya\u00e7lar\u0131na azami derecede uyum sa\u011flam\u0131\u015f bir strateji geli\u015ftiren, son e\u011filimlerin nabz\u0131n\u0131 tutan ve Ukrayna ve Polonya piyasalar\u0131ndaki farkl\u0131 sekt\u00f6rlere ili\u015fkin bilgilere vak\u0131f olan EUCONLAW Group uzmanlar\u0131, komplike hizmetleri etkin, h\u0131zl\u0131 ve kaliteli \u015fekilde sunmay\u0131 garanti ediyorlar.<\/p>\n<p>Ekibimiz, vergilendirme, transfer fiyat olu\u015fumu, \u015firket hukuku, toprak hukuku ve tar\u0131m hukuku, i\u015f yap\u0131land\u0131r\u0131lmas\u0131, ihtilaflar\u0131n halledilmesi, hisselerin korunmas\u0131, finansal doland\u0131r\u0131c\u0131l\u0131k ve r\u00fc\u015fvete kar\u015f\u0131 m\u00fccadele, uyum konusu, maddi olmayan aktiflerin kullan\u0131m\u0131yla finansman ve vergi planlama projelerine dair en karma\u015f\u0131k konularla ilgili hizmetler sunmaktad\u0131r.<\/p>\n<p>M\u00fc\u015fterilerimiz aras\u0131nda, petrol-do\u011falgaz, enerji, g\u0131da sanayii, tar\u0131msal i\u015fletmeler, tar\u0131m, haberle\u015fme, ticaret, ta\u015f\u0131mac\u0131l\u0131k, finans, metal\u00fcrji, kimya, in\u015faat, otelcilik gibi ekonomik sekt\u00f6rlerin liderleri olan \u00f6nde gelen uluslararas\u0131 ve Ukraynal\u0131 firmalar bulunmaktad\u0131r.<\/p>\n<h2><a href=\"https:\/\/euconlaw.com\/wp-content\/uploads\/2023\/01\/eucon-egl-1.pdf\" target=\"_blank\" rel=\"noopener\"><strong>PRESENTATION OF EUCONLAW Group<\/strong><\/a><\/h2>\n","protected":false},"excerpt":{"rendered":"<p>EUCONLAW Group Hukuk Grubu, 2006 y\u0131l\u0131ndan bu yana, Ukrayna\u2019da ve Polonya\u2019da hukuki hizmetler sunuyor. \u0130tibarl\u0131 uluslararas\u0131 ve ulusal s\u0131ralamalar\u0131n\u0131n kabul\u00fcn\u00fc g\u00f6ren, vergi, kurumsal, toprak, \u00e7al\u0131\u015fma hukuku ve transfer fiyatland\u0131rma sekt\u00f6rlerinin liderlerinden birisi ve tan\u0131nan bir hukuk markas\u0131 konumuna geldik. M\u00fc\u015fteri ihtiya\u00e7lar\u0131na azami derecede uyum sa\u011flam\u0131\u015f bir strateji geli\u015ftiren, son e\u011filimlerin nabz\u0131n\u0131 tutan ve Ukrayna ve [:]<\/p>\n","protected":false},"author":1,"featured_media":0,"parent":0,"menu_order":0,"comment_status":"closed","ping_status":"closed","template":"","meta":[],"yoast_head":"<!-- This site is optimized with the Yoast SEO plugin v16.6 - https:\/\/yoast.com\/wordpress\/plugins\/seo\/ -->\n<title>Firma Hakk\u0131nda - Rakamlarla Eucon<\/title>\n<meta name=\"robots\" content=\"index, follow, max-snippet:-1, max-image-preview:large, max-video-preview:-1\" \/>\n<link rel=\"canonical\" href=\"\/\" \/>\n<meta property=\"og:locale\" content=\"tr_TR\" \/>\n<meta property=\"og:type\" content=\"article\" \/>\n<meta property=\"og:title\" content=\"Firma Hakk\u0131nda - Rakamlarla Eucon\" \/>\n<meta property=\"og:description\" content=\"EUCONLAW Group Hukuk Grubu, 2006 y\u0131l\u0131ndan bu yana, Ukrayna\u2019da ve Polonya\u2019da hukuki hizmetler sunuyor. \u0130tibarl\u0131 uluslararas\u0131 ve ulusal s\u0131ralamalar\u0131n\u0131n kabul\u00fcn\u00fc g\u00f6ren, vergi, kurumsal, toprak, \u00e7al\u0131\u015fma hukuku ve transfer fiyatland\u0131rma sekt\u00f6rlerinin liderlerinden birisi ve tan\u0131nan bir hukuk markas\u0131 konumuna geldik. M\u00fc\u015fteri ihtiya\u00e7lar\u0131na azami derecede uyum sa\u011flam\u0131\u015f bir strateji geli\u015ftiren, son e\u011filimlerin nabz\u0131n\u0131 tutan ve Ukrayna ve [:]\" \/>\n<meta property=\"og:site_name\" content=\"Rakamlarla Eucon\" \/>\n<meta property=\"article:modified_time\" content=\"2024-11-11T16:36:31+00:00\" \/>\n<meta name=\"twitter:card\" content=\"summary_large_image\" \/>\n<meta name=\"twitter:label1\" content=\"Tahmini okuma s\u00fcresi\" \/>\n\t<meta name=\"twitter:data1\" content=\"1 dakika\" \/>\n<script type=\"application\/ld+json\" class=\"yoast-schema-graph\">{\"@context\":\"https:\/\/schema.org\",\"@graph\":[{\"@type\":\"WebSite\",\"@id\":\"https:\/\/euconlaw.com\/#website\",\"url\":\"https:\/\/euconlaw.com\/\",\"name\":\"Rakamlarla Eucon\",\"description\":\"\",\"potentialAction\":[{\"@type\":\"SearchAction\",\"target\":{\"@type\":\"EntryPoint\",\"urlTemplate\":\"https:\/\/euconlaw.com\/?s={search_term_string}\"},\"query-input\":\"required name=search_term_string\"}],\"inLanguage\":\"tr\"},{\"@type\":\"WebPage\",\"@id\":\"#webpage\",\"url\":null,\"name\":\"Firma Hakk\\u0131nda - Rakamlarla Eucon\",\"isPartOf\":{\"@id\":\"https:\/\/euconlaw.com\/#website\"},\"datePublished\":\"2021-01-31T13:24:27+00:00\",\"dateModified\":\"2024-11-11T16:36:31+00:00\",\"breadcrumb\":{\"@id\":\"#breadcrumb\"},\"inLanguage\":\"tr\",\"potentialAction\":[{\"@type\":\"ReadAction\",\"target\":[null]}]},{\"@type\":\"BreadcrumbList\",\"@id\":\"#breadcrumb\",\"itemListElement\":[{\"@type\":\"ListItem\",\"position\":1,\"name\":\"Home\",\"item\":\"https:\/\/euconlaw.com\/tr\/\"},{\"@type\":\"ListItem\",\"position\":2,\"name\":\"Firma Hakk\\u0131nda\"}]}]}<\/script>\n<!-- \/ Yoast SEO plugin. -->","_links":{"self":[{"href":"https:\/\/euconlaw.com\/tr\/wp-json\/wp\/v2\/pages\/21417"}],"collection":[{"href":"https:\/\/euconlaw.com\/tr\/wp-json\/wp\/v2\/pages"}],"about":[{"href":"https:\/\/euconlaw.com\/tr\/wp-json\/wp\/v2\/types\/page"}],"author":[{"embeddable":true,"href":"https:\/\/euconlaw.com\/tr\/wp-json\/wp\/v2\/users\/1"}],"replies":[{"embeddable":true,"href":"https:\/\/euconlaw.com\/tr\/wp-json\/wp\/v2\/comments?post=21417"}],"version-history":[{"count":8,"href":"https:\/\/euconlaw.com\/tr\/wp-json\/wp\/v2\/pages\/21417\/revisions"}],"predecessor-version":[{"id":48225,"href":"https:\/\/euconlaw.com\/tr\/wp-json\/wp\/v2\/pages\/21417\/revisions\/48225"}],"wp:attachment":[{"href":"https:\/\/euconlaw.com\/tr\/wp-json\/wp\/v2\/media?parent=21417"}],"curies":[{"name":"wp","href":"https:\/\/api.w.org\/{rel}","templated":true}]}}